{"id":13063,"date":"2025-05-21T07:29:53","date_gmt":"2025-05-21T07:29:53","guid":{"rendered":"https:\/\/www.eucnc.eu\/?page_id=13063"},"modified":"2025-05-23T16:09:22","modified_gmt":"2025-05-23T16:09:22","slug":"ph-d-award-session","status":"publish","type":"page","link":"https:\/\/www.eucnc.eu\/programme\/ph-d-award-session\/","title":{"rendered":"Ph.D. Award Session"},"content":{"rendered":"<div class=\"fusion-fullwidth fullwidth-box fusion-builder-row-1 fusion-flex-container nonhundred-percent-fullwidth non-hundred-percent-height-scrolling\" style=\"--awb-border-radius-top-left:0px;--awb-border-radius-top-right:0px;--awb-border-radius-bottom-right:0px;--awb-border-radius-bottom-left:0px;--awb-flex-wrap:wrap;\" ><div class=\"fusion-builder-row fusion-row fusion-flex-align-items-flex-start fusion-flex-content-wrap\" style=\"max-width:1248px;margin-left: calc(-4% \/ 2 );margin-right: calc(-4% \/ 2 );\"><div class=\"fusion-layout-column fusion_builder_column fusion-builder-column-0 fusion_builder_column_1_1 1_1 fusion-flex-column\" style=\"--awb-bg-size:cover;--awb-width-large:100%;--awb-margin-top-large:0px;--awb-spacing-right-large:1.92%;--awb-margin-bottom-large:20px;--awb-spacing-left-large:1.92%;--awb-width-medium:100%;--awb-order-medium:0;--awb-spacing-right-medium:1.92%;--awb-spacing-left-medium:1.92%;--awb-width-small:100%;--awb-order-small:0;--awb-spacing-right-small:1.92%;--awb-spacing-left-small:1.92%;\"><div class=\"fusion-column-wrapper fusion-column-has-shadow fusion-flex-justify-content-flex-start fusion-content-layout-column\"><div class=\"fusion-text fusion-text-1\" style=\"--awb-text-transform:none;\"><h3><strong>Ph.D. Award Session<\/strong><\/h3>\n<h6>Wednesday, 4 June 2025, 16:00-17:30, room <em>EH.B (level2)<\/em><\/h6>\n<p><strong>Session Chairs:<\/strong><\/p>\n<ul>\n<li><strong>Krzysztof Wesolowski <\/strong>(Poznan Univ. of Technology, PL)<\/li>\n<li><strong>Lena Wosinska<\/strong> (Chalmers Univ. Tech., SE)<\/li>\n<\/ul>\n<h4><\/h4>\n<h4 style=\"text-align: justify;\">Presentations<\/h4>\n<p><strong>Ibrahim Y\u0131ld\u0131r\u0131m<\/strong><br \/>\n<em>Reconfigurable Intelligent Surface-Centric Communication Networks: A Comprehensive Exploration of Channel Modeling and Coverage Extension<\/em><\/p>\n<p><strong>K\u00fcr\u015fat Tekb\u0131y\u0131k<\/strong><br \/>\n<em>A New Approach to Satellite Communication: Harnessing the Power of Reconfigurable Intelligent Surfaces<\/em><\/p>\n<p><strong>Anup Mishra<\/strong><br \/>\n<em>Advancing multi-antenna technologies for 6G: Rate-Splitting Multiple Access, (Cell-Free) Massive MIMO, Reconfigurable Intelligent Surfaces<\/em><\/p>\n<p><strong>Nikita Shanin<\/strong><br \/>\n<em>Optimal Design of Communication Systems Based on Wireless Power Transfer with Non-linear Energy Harvesting<\/em><\/p>\n<p><strong>Dimitrios Pliatsios<\/strong><br \/>\n<em>Machine-to-Machine Communications in Cellular Networks<\/em><\/p>\n<\/div><\/div><\/div><\/div><\/div>\n","protected":false},"excerpt":{"rendered":"","protected":false},"author":2,"featured_media":0,"parent":464,"menu_order":145,"comment_status":"closed","ping_status":"closed","template":"","meta":{"footnotes":""},"class_list":["post-13063","page","type-page","status-publish","hentry"],"_links":{"self":[{"href":"https:\/\/www.eucnc.eu\/wp-json\/wp\/v2\/pages\/13063","targetHints":{"allow":["GET"]}}],"collection":[{"href":"https:\/\/www.eucnc.eu\/wp-json\/wp\/v2\/pages"}],"about":[{"href":"https:\/\/www.eucnc.eu\/wp-json\/wp\/v2\/types\/page"}],"author":[{"embeddable":true,"href":"https:\/\/www.eucnc.eu\/wp-json\/wp\/v2\/users\/2"}],"replies":[{"embeddable":true,"href":"https:\/\/www.eucnc.eu\/wp-json\/wp\/v2\/comments?post=13063"}],"version-history":[{"count":5,"href":"https:\/\/www.eucnc.eu\/wp-json\/wp\/v2\/pages\/13063\/revisions"}],"predecessor-version":[{"id":13171,"href":"https:\/\/www.eucnc.eu\/wp-json\/wp\/v2\/pages\/13063\/revisions\/13171"}],"up":[{"embeddable":true,"href":"https:\/\/www.eucnc.eu\/wp-json\/wp\/v2\/pages\/464"}],"wp:attachment":[{"href":"https:\/\/www.eucnc.eu\/wp-json\/wp\/v2\/media?parent=13063"}],"curies":[{"name":"wp","href":"https:\/\/api.w.org\/{rel}","templated":true}]}}