{"id":621,"date":"2021-09-03T09:37:33","date_gmt":"2021-09-03T08:37:33","guid":{"rendered":"https:\/\/new.eucnc.eu\/?page_id=621"},"modified":"2023-02-24T14:31:26","modified_gmt":"2023-02-24T14:31:26","slug":"about-the-city","status":"publish","type":"page","link":"https:\/\/www.eucnc.eu\/venue-travel\/about-the-city\/","title":{"rendered":"About the City"},"content":{"rendered":"<div class=\"fusion-fullwidth fullwidth-box fusion-builder-row-1 fusion-flex-container nonhundred-percent-fullwidth non-hundred-percent-height-scrolling\" style=\"--awb-border-radius-top-left:0px;--awb-border-radius-top-right:0px;--awb-border-radius-bottom-right:0px;--awb-border-radius-bottom-left:0px;--awb-flex-wrap:wrap;\" ><div class=\"fusion-builder-row fusion-row fusion-flex-align-items-flex-start fusion-flex-content-wrap\" style=\"max-width:1248px;margin-left: calc(-4% \/ 2 );margin-right: calc(-4% \/ 2 );\"><div class=\"fusion-layout-column fusion_builder_column fusion-builder-column-0 fusion_builder_column_1_1 1_1 fusion-flex-column\" style=\"--awb-bg-size:cover;--awb-width-large:100%;--awb-margin-top-large:0px;--awb-spacing-right-large:1.92%;--awb-margin-bottom-large:20px;--awb-spacing-left-large:1.92%;--awb-width-medium:100%;--awb-order-medium:0;--awb-spacing-right-medium:1.92%;--awb-spacing-left-medium:1.92%;--awb-width-small:100%;--awb-order-small:0;--awb-spacing-right-small:1.92%;--awb-spacing-left-small:1.92%;\"><div class=\"fusion-column-wrapper fusion-column-has-shadow fusion-flex-justify-content-flex-start fusion-content-layout-column\"><div class=\"fusion-text fusion-text-1\" style=\"--awb-text-transform:none;\"><h3><a href=\"https:\/\/www.goteborg.com\/en\/\" target=\"_blank\" rel=\"noopener\">Gothenburg Official Touristic Guide<\/a><\/h3>\n<p>Gothenburg is located on the West Coast of Sweden and has one of the Worlds finest Archipeligos, inland there is a rich array of nature with fine woodlands and lakes. the city has exciting museums, interesting sights, lots of activities and an amazing archipelago. Discover Gothenburg! <a href=\"https:\/\/www.goteborg.com\/en\/\" target=\"_blank\" rel=\"noopener\">Gothenburg\u2019s Official Visitor\u2019s Guide \u2013 goteborg.com<\/a><\/p>\n<\/div><div class=\"fusion-image-element awb-imageframe-style awb-imageframe-style-below awb-imageframe-style-1\" style=\"--awb-caption-title-color:#d1d1d1;--awb-caption-text-color:#f7f7f7;--awb-caption-title-font-family:var(--h6_typography-font-family);--awb-caption-title-font-weight:var(--h6_typography-font-weight);--awb-caption-title-font-style:var(--h6_typography-font-style);--awb-caption-title-size:var(--h6_typography-font-size);--awb-caption-title-transform:var(--h6_typography-text-transform);--awb-caption-title-line-height:var(--h6_typography-line-height);--awb-caption-title-letter-spacing:var(--h6_typography-letter-spacing);\"><span class=\" fusion-imageframe imageframe-none imageframe-1 hover-type-zoomin fusion-animated\" data-animationType=\"fadeInLeft\" data-animationDuration=\"0.4\" data-animationOffset=\"top-into-view\"><img decoding=\"async\" width=\"560\" height=\"352\" title=\"Gothenburg\" src=\"https:\/\/www.eucnc.eu\/wp-content\/uploads\/2022\/10\/Gothenburg.jpg\" alt class=\"img-responsive wp-image-5030\" srcset=\"https:\/\/www.eucnc.eu\/wp-content\/uploads\/2022\/10\/Gothenburg-200x126.jpg 200w, https:\/\/www.eucnc.eu\/wp-content\/uploads\/2022\/10\/Gothenburg-400x251.jpg 400w, https:\/\/www.eucnc.eu\/wp-content\/uploads\/2022\/10\/Gothenburg.jpg 560w\" sizes=\"(max-width: 640px) 100vw, 560px\" \/><\/span><div class=\"awb-imageframe-caption-container\" style=\"text-align:left;\"><div class=\"awb-imageframe-caption\"><h6 class=\"awb-imageframe-caption-title\">Per Pixel Petersson\/imagebank.sweden.se<\/h6><\/div><\/div><\/div><\/div><\/div><div class=\"fusion-layout-column fusion_builder_column fusion-builder-column-1 fusion_builder_column_1_1 1_1 fusion-flex-column\" style=\"--awb-bg-size:cover;--awb-width-large:100%;--awb-margin-top-large:0px;--awb-spacing-right-large:1.92%;--awb-margin-bottom-large:20px;--awb-spacing-left-large:1.92%;--awb-width-medium:100%;--awb-order-medium:0;--awb-spacing-right-medium:1.92%;--awb-spacing-left-medium:1.92%;--awb-width-small:100%;--awb-order-small:0;--awb-spacing-right-small:1.92%;--awb-spacing-left-small:1.92%;\"><div class=\"fusion-column-wrapper fusion-column-has-shadow fusion-flex-justify-content-flex-start fusion-content-layout-column\"><div class=\"fusion-text fusion-text-2\" style=\"--awb-text-transform:none;\"><h3><a href=\"https:\/\/www.vastsverige.com\/en\/\" target=\"_blank\" rel=\"noopener\">West Sweden<\/a><\/h3>\n<p>There are many well-known places to visit in West Sweden, and even more, you\u2019ve not heard of yet, to discover. This link will take you to the official tourist guide for West Sweden where you will find tips for the best-hidden places of interest. West Sweden is made up of the main areas Bohusl\u00e4n, Dalsland &amp; V\u00e4sterg\u00f6tland and the city of Gothenburg is the main city &amp; the second largest city in Sweden. <a href=\"https:\/\/www.vastsverige.com\/en\/\" target=\"_blank\" rel=\"noopener\">Experience West Sweden and Gothenburg (vastsverige.com)<\/a><\/p>\n<\/div><div class=\"fusion-image-element awb-imageframe-style awb-imageframe-style-below awb-imageframe-style-2\" style=\"text-align:left;--awb-caption-title-color:#e2e2e2;--awb-caption-title-font-family:var(--h6_typography-font-family);--awb-caption-title-font-weight:var(--h6_typography-font-weight);--awb-caption-title-font-style:var(--h6_typography-font-style);--awb-caption-title-size:var(--h6_typography-font-size);--awb-caption-title-transform:var(--h6_typography-text-transform);--awb-caption-title-line-height:var(--h6_typography-line-height);--awb-caption-title-letter-spacing:var(--h6_typography-letter-spacing);\"><span class=\" fusion-imageframe imageframe-dropshadow imageframe-2 hover-type-zoomin fusion-animated\" style=\"-webkit-box-shadow: 10px 10px 14px rgba(0,0,0,0.3);box-shadow: 10px 10px 14px rgba(0,0,0,0.3);\" data-animationType=\"fadeInLeft\" data-animationDuration=\"0.4\" data-animationOffset=\"top-into-view\"><img decoding=\"async\" width=\"578\" height=\"353\" title=\"Archipelago\" src=\"https:\/\/www.eucnc.eu\/wp-content\/uploads\/2022\/10\/Archipelago.jpg\" alt class=\"img-responsive wp-image-5031\" srcset=\"https:\/\/www.eucnc.eu\/wp-content\/uploads\/2022\/10\/Archipelago-200x122.jpg 200w, https:\/\/www.eucnc.eu\/wp-content\/uploads\/2022\/10\/Archipelago-400x244.jpg 400w, https:\/\/www.eucnc.eu\/wp-content\/uploads\/2022\/10\/Archipelago.jpg 578w\" sizes=\"(max-width: 640px) 100vw, 578px\" \/><\/span><div class=\"awb-imageframe-caption-container\" style=\"text-align:left;\"><div class=\"awb-imageframe-caption\"><h6 class=\"awb-imageframe-caption-title\">Lukasz Warzecha\/Westsweden.com<\/h6><\/div><\/div><\/div><\/div><\/div><div class=\"fusion-layout-column fusion_builder_column fusion-builder-column-2 fusion_builder_column_1_1 1_1 fusion-flex-column\" style=\"--awb-bg-size:cover;--awb-width-large:100%;--awb-margin-top-large:0px;--awb-spacing-right-large:1.92%;--awb-margin-bottom-large:20px;--awb-spacing-left-large:1.92%;--awb-width-medium:100%;--awb-order-medium:0;--awb-spacing-right-medium:1.92%;--awb-spacing-left-medium:1.92%;--awb-width-small:100%;--awb-order-small:0;--awb-spacing-right-small:1.92%;--awb-spacing-left-small:1.92%;\"><div class=\"fusion-column-wrapper fusion-column-has-shadow fusion-flex-justify-content-flex-start fusion-content-layout-column\"><div class=\"fusion-text fusion-text-3\" style=\"--awb-text-transform:none;\"><h3><a href=\"https:\/\/www.goteborg.com\/en\/guides\/a-guide-to-the-gothenburg-archipelago\" target=\"_blank\" rel=\"noopener\">Archipelago<\/a><\/h3>\n<p>Over 20 islands with an endless amount of gems to discover. The archipelago of Gothenburg stretches along the coast like a string of pearls. You don\u2019t have to travel far from the city to find charming villages, stunning nature and beaches. Seal safaris, sea-fishing and boat excursions are just some of the activities available here. <a href=\"https:\/\/www.goteborg.com\/en\/guides\/a-guide-to-the-gothenburg-archipelago\" target=\"_blank\" rel=\"noopener\">The Gothenburg archipelago \u2013 unique experiences year-round (goteborg.com)<\/a><\/p>\n<\/div><div class=\"fusion-image-element awb-imageframe-style awb-imageframe-style-below awb-imageframe-style-3\" style=\"text-align:left;--awb-caption-title-color:#e2e2e2;--awb-caption-title-font-family:var(--h6_typography-font-family);--awb-caption-title-font-weight:var(--h6_typography-font-weight);--awb-caption-title-font-style:var(--h6_typography-font-style);--awb-caption-title-size:var(--h6_typography-font-size);--awb-caption-title-transform:var(--h6_typography-text-transform);--awb-caption-title-line-height:var(--h6_typography-line-height);--awb-caption-title-letter-spacing:var(--h6_typography-letter-spacing);\"><span class=\" fusion-imageframe imageframe-dropshadow imageframe-3 hover-type-zoomin\" style=\"-webkit-box-shadow: 10px 10px 14px rgba(0,0,0,0.3);box-shadow: 10px 10px 14px rgba(0,0,0,0.3);\"><img decoding=\"async\" width=\"550\" height=\"367\" title=\"henrik_trygg-kayaking-2445_archipelag\" src=\"https:\/\/www.eucnc.eu\/wp-content\/uploads\/2023\/02\/henrik_trygg-kayaking-2445_archipelag.jpg\" alt class=\"img-responsive wp-image-5949\" srcset=\"https:\/\/www.eucnc.eu\/wp-content\/uploads\/2023\/02\/henrik_trygg-kayaking-2445_archipelag-200x133.jpg 200w, https:\/\/www.eucnc.eu\/wp-content\/uploads\/2023\/02\/henrik_trygg-kayaking-2445_archipelag-400x267.jpg 400w, https:\/\/www.eucnc.eu\/wp-content\/uploads\/2023\/02\/henrik_trygg-kayaking-2445_archipelag.jpg 550w\" sizes=\"(max-width: 640px) 100vw, 550px\" \/><\/span><div class=\"awb-imageframe-caption-container\" style=\"text-align:left;\"><div class=\"awb-imageframe-caption\"><h6 class=\"awb-imageframe-caption-title\">Henrik Trygg\/imagebank.sweden.se<\/h6><\/div><\/div><\/div><\/div><\/div><div class=\"fusion-layout-column fusion_builder_column fusion-builder-column-3 fusion_builder_column_1_1 1_1 fusion-flex-column\" style=\"--awb-bg-size:cover;--awb-width-large:100%;--awb-margin-top-large:0px;--awb-spacing-right-large:1.92%;--awb-margin-bottom-large:20px;--awb-spacing-left-large:1.92%;--awb-width-medium:100%;--awb-order-medium:0;--awb-spacing-right-medium:1.92%;--awb-spacing-left-medium:1.92%;--awb-width-small:100%;--awb-order-small:0;--awb-spacing-right-small:1.92%;--awb-spacing-left-small:1.92%;\"><div class=\"fusion-column-wrapper fusion-column-has-shadow fusion-flex-justify-content-flex-start fusion-content-layout-column\"><div class=\"fusion-text fusion-text-4\" style=\"--awb-text-transform:none;\"><h3><a href=\"https:\/\/www.goteborg.com\/en\/nature-sports\/parks-gardens\" target=\"_blank\" rel=\"noopener\">Parks\u00a0<em>&amp;<\/em>\u00a0Gardens<\/a><\/h3>\n<p>The compact city centre makes it easy to get to the parks &amp; gardens such as the Slottsskogen Park and the Botanical Garden, which is one of the largest and best botanical gardens in Europe. In and in the near vicinity of Gothenburg there are plenty of green spaces to appreciate and relax in. <a href=\"https:\/\/www.goteborg.com\/en\/nature-sports\/parks-gardens\" target=\"_blank\" rel=\"noopener\">Parks &amp; Gardens (goteborg.com)<\/a><\/p>\n<\/div><div class=\"fusion-image-element awb-imageframe-style awb-imageframe-style-below awb-imageframe-style-4\" style=\"text-align:left;--awb-caption-title-color:#e2e2e2;--awb-caption-title-font-family:var(--h6_typography-font-family);--awb-caption-title-font-weight:var(--h6_typography-font-weight);--awb-caption-title-font-style:var(--h6_typography-font-style);--awb-caption-title-size:var(--h6_typography-font-size);--awb-caption-title-transform:var(--h6_typography-text-transform);--awb-caption-title-line-height:var(--h6_typography-line-height);--awb-caption-title-letter-spacing:var(--h6_typography-letter-spacing);\"><span class=\" fusion-imageframe imageframe-dropshadow imageframe-4 hover-type-zoomin\" style=\"-webkit-box-shadow: 10px 10px 14px rgba(0,0,0,0.3);box-shadow: 10px 10px 14px rgba(0,0,0,0.3);\"><img decoding=\"async\" width=\"555\" height=\"357\" title=\"Parks\" src=\"https:\/\/www.eucnc.eu\/wp-content\/uploads\/2022\/10\/Parks.jpg\" alt class=\"img-responsive wp-image-5033\" srcset=\"https:\/\/www.eucnc.eu\/wp-content\/uploads\/2022\/10\/Parks-200x129.jpg 200w, https:\/\/www.eucnc.eu\/wp-content\/uploads\/2022\/10\/Parks-400x257.jpg 400w, https:\/\/www.eucnc.eu\/wp-content\/uploads\/2022\/10\/Parks.jpg 555w\" sizes=\"(max-width: 640px) 100vw, 555px\" \/><\/span><div class=\"awb-imageframe-caption-container\" style=\"text-align:left;\"><div class=\"awb-imageframe-caption\"><h6 class=\"awb-imageframe-caption-title\">Per Pixel Petersson\/imagebank.sweden.se<\/h6><\/div><\/div><\/div><\/div><\/div><div class=\"fusion-layout-column fusion_builder_column fusion-builder-column-4 fusion_builder_column_1_1 1_1 fusion-flex-column\" style=\"--awb-bg-size:cover;--awb-width-large:100%;--awb-margin-top-large:0px;--awb-spacing-right-large:1.92%;--awb-margin-bottom-large:20px;--awb-spacing-left-large:1.92%;--awb-width-medium:100%;--awb-order-medium:0;--awb-spacing-right-medium:1.92%;--awb-spacing-left-medium:1.92%;--awb-width-small:100%;--awb-order-small:0;--awb-spacing-right-small:1.92%;--awb-spacing-left-small:1.92%;\"><div class=\"fusion-column-wrapper fusion-column-has-shadow fusion-flex-justify-content-flex-start fusion-content-layout-column\"><div class=\"fusion-text fusion-text-5\" style=\"--awb-text-transform:none;\"><h3><a href=\"https:\/\/www.goteborg.com\/en\/eat-and-drink\/\" target=\"_blank\" rel=\"noopener\">Cuisine\u00a0<em>&amp;<\/em>\u00a0Places to Eat<\/a><\/h3>\n<p>Gothenburg has a large array of cafes, bars and restaurants which offer all the worldly cuisine of any modern metropolis.\u00a0 With one of the Worlds biggest archipelagoes on the doorstep, Gothenburg has an abundance\u00a0of fine &amp; fresh shellfish. <a href=\"https:\/\/www.goteborg.com\/en\/eat-and-drink\/\" target=\"_blank\" rel=\"noopener\">Eat &amp; Drink (goteborg.com)<\/a><\/p>\n<\/div><div class=\"fusion-image-element awb-imageframe-style awb-imageframe-style-below awb-imageframe-style-5\" style=\"text-align:left;--awb-caption-title-color:#e2e2e2;--awb-caption-title-font-family:var(--h6_typography-font-family);--awb-caption-title-font-weight:var(--h6_typography-font-weight);--awb-caption-title-font-style:var(--h6_typography-font-style);--awb-caption-title-size:var(--h6_typography-font-size);--awb-caption-title-transform:var(--h6_typography-text-transform);--awb-caption-title-line-height:var(--h6_typography-line-height);--awb-caption-title-letter-spacing:var(--h6_typography-letter-spacing);\"><span class=\" fusion-imageframe imageframe-dropshadow imageframe-5 hover-type-zoomin\" style=\"-webkit-box-shadow: 10px 10px 14px rgba(0,0,0,0.3);box-shadow: 10px 10px 14px rgba(0,0,0,0.3);\"><img decoding=\"async\" width=\"573\" height=\"354\" title=\"Cuisine\" src=\"https:\/\/www.eucnc.eu\/wp-content\/uploads\/2022\/10\/Cuisine.jpg\" alt class=\"img-responsive wp-image-5034\" srcset=\"https:\/\/www.eucnc.eu\/wp-content\/uploads\/2022\/10\/Cuisine-200x124.jpg 200w, https:\/\/www.eucnc.eu\/wp-content\/uploads\/2022\/10\/Cuisine-400x247.jpg 400w, https:\/\/www.eucnc.eu\/wp-content\/uploads\/2022\/10\/Cuisine.jpg 573w\" sizes=\"(max-width: 640px) 100vw, 573px\" \/><\/span><div class=\"awb-imageframe-caption-container\" style=\"text-align:left;\"><div class=\"awb-imageframe-caption\"><h6 class=\"awb-imageframe-caption-title\">Tina Stafr\u00e9n\/imagebank.sweden.se<\/h6><\/div><\/div><\/div><\/div><\/div><\/div><\/div>\n","protected":false},"excerpt":{"rendered":"","protected":false},"author":4,"featured_media":0,"parent":558,"menu_order":20,"comment_status":"closed","ping_status":"closed","template":"","meta":{"footnotes":""},"_links":{"self":[{"href":"https:\/\/www.eucnc.eu\/wp-json\/wp\/v2\/pages\/621"}],"collection":[{"href":"https:\/\/www.eucnc.eu\/wp-json\/wp\/v2\/pages"}],"about":[{"href":"https:\/\/www.eucnc.eu\/wp-json\/wp\/v2\/types\/page"}],"author":[{"embeddable":true,"href":"https:\/\/www.eucnc.eu\/wp-json\/wp\/v2\/users\/4"}],"replies":[{"embeddable":true,"href":"https:\/\/www.eucnc.eu\/wp-json\/wp\/v2\/comments?post=621"}],"version-history":[{"count":64,"href":"https:\/\/www.eucnc.eu\/wp-json\/wp\/v2\/pages\/621\/revisions"}],"predecessor-version":[{"id":5955,"href":"https:\/\/www.eucnc.eu\/wp-json\/wp\/v2\/pages\/621\/revisions\/5955"}],"up":[{"embeddable":true,"href":"https:\/\/www.eucnc.eu\/wp-json\/wp\/v2\/pages\/558"}],"wp:attachment":[{"href":"https:\/\/www.eucnc.eu\/wp-json\/wp\/v2\/media?parent=621"}],"curies":[{"name":"wp","href":"https:\/\/api.w.org\/{rel}","templated":true}]}}