{"id":1256,"date":"2021-09-09T15:37:22","date_gmt":"2021-09-09T14:37:22","guid":{"rendered":"https:\/\/new.eucnc.eu\/?page_id=1256"},"modified":"2022-09-14T14:32:23","modified_gmt":"2022-09-14T14:32:23","slug":"vap1","status":"publish","type":"page","link":"https:\/\/www.eucnc.eu\/programme\/vap1\/","title":{"rendered":"VAP1"},"content":{"rendered":"<div class=\"fusion-fullwidth fullwidth-box fusion-builder-row-1 fusion-flex-container nonhundred-percent-fullwidth non-hundred-percent-height-scrolling\" style=\"background-color: rgba(255,255,255,0);background-position: center center;background-repeat: no-repeat;border-width: 0px 0px 0px 0px;border-color:#e2e2e2;border-style:solid;\" ><div class=\"fusion-builder-row fusion-row fusion-flex-align-items-flex-start\" style=\"max-width:1248px;margin-left: calc(-4% \/ 2 );margin-right: calc(-4% \/ 2 );\"><div class=\"fusion-layout-column fusion_builder_column fusion-builder-column-0 fusion_builder_column_1_1 1_1 fusion-flex-column\"><div class=\"fusion-column-wrapper fusion-flex-justify-content-flex-start fusion-content-layout-column\" style=\"background-position:left top;background-repeat:no-repeat;-webkit-background-size:cover;-moz-background-size:cover;-o-background-size:cover;background-size:cover;padding: 0px 0px 0px 0px;\"><div class=\"fusion-text fusion-text-1\"><h3><strong>VAP (session1) &#8211; 5G based localization services and digital twin <\/strong><\/h3>\n<h6><strong>Wednesday, 8 June 2022, 10:30-12:00, Room A301<\/strong><\/h6>\n<p><strong>Session Chair:<\/strong> Konstantin Mikhaylov (University of Oulu, FI)<\/p>\n<p><a href=\"https:\/\/ieeexplore.ieee.org\/document\/9815663\" target=\"_blank\" rel=\"noopener\"><strong>Probabilistic 5G Indoor Positioning Proof of Concept with Outlier Rejection<\/strong><\/a><\/p>\n<p>Marcus Henninger (University of Stuttgart &amp; Nokia Bell Labs, Germany); Traian E Abrudan (Nokia Bell Labs, Finland); Silvio Mandelli (Nokia Bell Labs, Germany); Maximilian Arnold (Nokia Stuttgart, Germany); Stephan Saur (Nokia Bell Labs, Germany); Veli-Matti Kolmonen (Nokia Bell Labs, Finland); Siegfried Klein and Thomas Schlitter (Nokia Bell Labs, Germany); Stephan ten Brink (University of Stuttgart, Germany)<br \/>\n<em>The continuously increasing bandwidth and antenna aperture available in wireless networks laid the foundation for developing competitive positioning solutions relying on communications standards and hardware. However, poor propagation conditions such as non-line of sight (NLOS) and rich multipath still pose many challenges due to outlier measurements that significantly degrade the positioning performance.<br \/>\nIn this work, we introduce an iterative positioning method that reweights the time of arrival (ToA) and angle of arrival (AoA) measurements originating from multiple locators in order to efficiently remove outliers. In contrast to existing approaches that typically rely on a single locator to set the time reference for the time difference of arrival (TDoA) measurements corresponding to the remaining locators, and whose measurements may be unreliable, the proposed iterative approach does not rely on a reference locator only. The resulting robust position estimate is then used to initialize a computationally efficient gradient search to perform maximum likelihood position estimation.<br \/>\nOur proposal is validated with an experimental setup at 3.75 GHz with 5G numerology in an indoor factory scenario, achieving an error of less than 50 cm in 95% of the measurements. To the best of our knowledge, this paper describes the first proof of concept for 5G-based joint ToA and AoA localization.<\/em><\/p>\n<p><a href=\"https:\/\/ieeexplore.ieee.org\/document\/9815708\" target=\"_blank\" rel=\"noopener\"><strong>Uncertainty Quantification of 5G Positioning as a Location Data Analytics Function<\/strong><\/a><\/p>\n<p>Stefania Bartoletti (National Research Council of Italy (IEIIT-CNR), Italy); Giacomo Bernini (Nextworks, Italy); Ivan Palam\u00e0 (University of Rome Tor Vergata &amp; CNIT, Italy); Michael De Angelis (Nextworks, Italy); Lorenzo Maria Monteforte (University of Rome Tor Vergata, Italy); Takai Eddine Kennouche (VIAVI Solutions, France); Konstantinos Tsagkaris (Incelligent, Greece); Giuseppe Bianchi and Nicola Blefari-Melazzi (University of Rome &#8220;Tor Vergata&#8221;, Italy)<br \/>\n<em>Mobile positioning is a fundamental service of 5G as it enables a number of applications that rely on location information and location-based analytics. In many applications, it is important to quantify the uncertainty associated with position estimation, for example, for confidence assessment on the location data and anomaly detection, as well as for location data fusion from heterogenous technologies. In this paper, we propose uncertainty quantification as a location data analytics function. First, we introduce an indicator of positioning uncertainty based on the residual measurement error, which does not require the ground truth knowledge. Then, we train and update an uncertainty map of a monitored environment by leveraging the position estimates and location-based measurements collected by multiple users. Such uncertainty map can be used to predict the positioning uncertainty level in any point of a monitored environment. Finally, we propose an implementation of such functionality as an analytics function within the 5G architecture. The functionality is then deployed in a virtualized environment and, using system-level simulations under different propagation conditions, we show how the uncertainty predicted through the proposed method is highly correlated with the true positioning error.<\/em><\/p>\n<p><a href=\"https:\/\/ieeexplore.ieee.org\/document\/9815596\" target=\"_blank\" rel=\"noopener\"><strong>Prediction of TOA-Based Localization Accuracy Using CRLB and 3D Buildings with Field Trial Validation<\/strong><\/a><\/p>\n<p>Christophe Villien (CEA, France); Nicolas Deparis (CEA-Leti, France); Val\u00e9rian Mannoni (CEA, France); S\u00e9bastien de Rivaz (CEA-LETI, France)<br \/>\n<em>In Low Power Wide Area (LPWA) networks, radio localization based on Time of Arrival (TOA) measurements collected from gateways synchronized on GPS time is an appealing technology for Internet of Things (IoT). However, it is hard to predict the actual accuracy that could be expected from a given deployment without taking into account the propagation channel complexity. This paper proposes a new approach to generate a localization accuracy map (LAM) based on Cram\u00b4er-Rao lower bound (CRLB) and 3D buildings models to predict the propagation conditions. A comparison with measurements from LPWA field trials conducted in the city of Grenoble (France) is presented, comprising more than 300 000 LPWA transmissions collected. We show that for an infrastructure composed of 6 LPWA gateways, our LAM is able to predict the performance obtained with an maximum likelihood estimator (MLE) localization algorithm with only 12% of mismatch.<\/em><\/p>\n<p><a href=\"https:\/\/ieeexplore.ieee.org\/document\/9815647\" target=\"_blank\" rel=\"noopener\"><strong>Demonstration and Evaluation of Precise Positioning for Connected and Automated Mobility Services<\/strong><\/a><\/p>\n<p>Julia Igual, Marisa Catalan and Miguel Catalan-Cid (i2CAT Foundation, Spain); Francisco Vazquez Gallego (CTTC, Spain); Javier Fernandez Hidalgo (I2CAT, Spain); Raul Mu\u00f1oz (Centre Tecnol\u00f2gic de Telecomunicacions de Catalunya (CTTC\/CERCA), Spain); Roshan Sedar (Centre Tecnol\u00f2gic de Telecomunicacions de Catalunya (CTTC), Spain); Ramon Casellas and Ricard Vilalta (Centre Tecnol\u00f2gic de Telecomunicacions de Catalunya (CTTC\/CERCA), Spain); Anna Calveras (Universidad Politecnica de Catalunya (UPC), Spain); Josep Paradells (Universitat Politecnica de Catalunya, Spain); Mathieu Lefebvre, Fr\u00e9d\u00e9ric Gardes and Jean Marc Odinot (Orange, France); Francesca Moscatelli and Giada Landi (Nextworks, Italy); Soumya Kanti Datta and J\u00e9r\u00f4me H\u00e4rri (EURECOM, France); Rodrigo Silva (PSA, France); Xavi Vilajosana (Worldsensing, Spain)<br \/>\n<em>Cooperative, Connected and Automated Mobility (CCAM) services require precise and reliable localization services able to infer and track the position of a vehicle with lane accuracy. The H2020 5GCroCo project, which trials 5G technologies in the European cross-border corridor along France, Germany and Luxembourg, as well as in five small-scale trial sites, considers different technologies to enhance vehicle localization, including GPS-Real Time Kinematic (GPS-RTK), Ultra-WideBand (UWB) and Inertial Sensors (INS). This paper presents a compact prototype, which integrates these localization technologies with 5GCroCo&#8217;s On-Board Unit (OBU) equipment, and its evaluation within the scope of the Anticipated Cooperative Collision Avoidance (ACCA) Use Case demonstrated in Barcelona small-scale trial site.<\/em><\/p>\n<p><a href=\"https:\/\/ieeexplore.ieee.org\/document\/9815732\" target=\"_blank\" rel=\"noopener\"><strong>Simulation-Based Digital Twin for 5G Connected Automated and Autonomous Vehicles<\/strong><\/a><\/p>\n<p>Martina Barbi (Instituto de Telecomunicaciones y Aplicaciones Multimedia (iTEAM), Spain); Alejandro Anton and Arturo Mrozowski Handzel (Universitat Polit\u00e8cnica de Val\u00e8ncia, Spain); Sa\u00fal Inca (iTEAM Research Institute, Universitat Polit\u00e8cnica de Val\u00e8ncia, Spain); David Garcia-Roger and Jose F Monserrat (Universitat Polit\u00e8cnica de Val\u00e8ncia, Spain)<br \/>\n<em>Cooperative, connected and automated mobility (CCAM) across Europe requires efficient and coordinated solutions to overcome cross-borders service discontinuity. The provision of CCAM services across different countries has enormous innovative business potential. However, ensuring uninterrupted connectivity poses technical challenges that 5G technologies aim to solve. In the mark of the 5G-CARMEN project, good progress has been made to develop wireless infrastructure technologies for 5G deployment at the cross-borders. However, besides the field trials, testing the performance and limits of connected vehicles technology to enable safer real-world deployment is a real necessity, particularly, when considering fully autonomous driving vehicles. Digital Twin represents an innovative solution that provides a software replica of the 5G physical network allowing the study and optimization of real-world use cases. This paper presents a simulation-based digital twin developed to emulate connected automated and autonomous vehicles performing cooperative lane change\/merge maneuvers, as defined in 5G-CARMEN, in a cross-border scenario.<\/em><\/p>\n<\/div><\/div><style type=\"text\/css\">.fusion-body .fusion-builder-column-0{width:100% !important;margin-top : 0px;margin-bottom : 20px;}.fusion-builder-column-0 > .fusion-column-wrapper {padding-top : 0px !important;padding-right : 0px !important;margin-right : 1.92%;padding-bottom : 0px !important;padding-left : 0px !important;margin-left : 1.92%;}@media only screen and (max-width:1024px) {.fusion-body .fusion-builder-column-0{width:100% !important;order : 0;}.fusion-builder-column-0 > .fusion-column-wrapper {margin-right : 1.92%;margin-left : 1.92%;}}@media only screen and (max-width:640px) {.fusion-body .fusion-builder-column-0{width:100% !important;order : 0;}.fusion-builder-column-0 > .fusion-column-wrapper {margin-right : 1.92%;margin-left : 1.92%;}}<\/style><\/div><\/div><style type=\"text\/css\">.fusion-body .fusion-flex-container.fusion-builder-row-1{ padding-top : 0px;margin-top : 0px;padding-right : 0px;padding-bottom : 0px;margin-bottom : 0px;padding-left : 0px;}<\/style><\/div>\n","protected":false},"excerpt":{"rendered":"","protected":false},"author":4,"featured_media":0,"parent":464,"menu_order":200,"comment_status":"closed","ping_status":"closed","template":"","meta":[],"_links":{"self":[{"href":"https:\/\/www.eucnc.eu\/wp-json\/wp\/v2\/pages\/1256"}],"collection":[{"href":"https:\/\/www.eucnc.eu\/wp-json\/wp\/v2\/pages"}],"about":[{"href":"https:\/\/www.eucnc.eu\/wp-json\/wp\/v2\/types\/page"}],"author":[{"embeddable":true,"href":"https:\/\/www.eucnc.eu\/wp-json\/wp\/v2\/users\/4"}],"replies":[{"embeddable":true,"href":"https:\/\/www.eucnc.eu\/wp-json\/wp\/v2\/comments?post=1256"}],"version-history":[{"count":9,"href":"https:\/\/www.eucnc.eu\/wp-json\/wp\/v2\/pages\/1256\/revisions"}],"predecessor-version":[{"id":4834,"href":"https:\/\/www.eucnc.eu\/wp-json\/wp\/v2\/pages\/1256\/revisions\/4834"}],"up":[{"embeddable":true,"href":"https:\/\/www.eucnc.eu\/wp-json\/wp\/v2\/pages\/464"}],"wp:attachment":[{"href":"https:\/\/www.eucnc.eu\/wp-json\/wp\/v2\/media?parent=1256"}],"curies":[{"name":"wp","href":"https:\/\/api.w.org\/{rel}","templated":true}]}}